{"id":100,"date":"2022-04-13T04:29:15","date_gmt":"2022-04-13T04:29:15","guid":{"rendered":"https:\/\/bassa-mar.org\/?page_id=100"},"modified":"2025-11-28T13:58:18","modified_gmt":"2025-11-28T13:58:18","slug":"surroundings","status":"publish","type":"page","link":"https:\/\/bassa-mar.org\/es\/surroundings\/","title":{"rendered":"El Entorno"},"content":{"rendered":"<figure class=\"wp-block-image alignfull size-large\"><img decoding=\"async\" src=\"https:\/\/i0.wp.com\/bassa-mar.org\/wp-content\/uploads\/2022\/06\/mountains-and-flowers.jpg?fit=1024%2C538&amp;ssl=1\" alt=\"\" class=\"wp-image-357\"\/><\/figure>\n\n\n\n<p><\/p>\n\n\n\n<p>El r\u00edo Ebro, el m\u00e1s largo de Catalu\u00f1a\/Espa\u00f1a, est\u00e1 a 13 km. El pueblo de L'Ampolla se encuentra directamente junto al mar. Es el \u00faltimo pueblo antes de la gran llanura del Delta de l'Ebre, con sus extensos arrozales y reservas naturales. Junto al peque\u00f1o puerto, hay algunos restaurantes, supermercados y bares. <\/p>\n\n\n\n<p>Alrededor de la casa hay un paisaje de colinas, en el que predominan los olivos. Al fondo se ve el mar y la cordillera del gran parque natural de <a href=\"https:\/\/www.catalunya.com\/en\/continguts\/patrimoni-natural\/els-ports-natural-park-17-17001-573555?language=en\" data-type=\"link\" data-id=\"https:\/\/www.catalunya.com\/en\/continguts\/patrimoni-natural\/els-ports-natural-park-17-17001-573555?language=en\">Els ports<\/a>. Junto al mar, hay un <a href=\"https:\/\/ampollaturisme.com\/es\/ampolla-ametlla-mar\/\" data-type=\"link\" data-id=\"https:\/\/ampollaturisme.com\/es\/ampolla-ametlla-mar\/\">ruta de senderismo<\/a> que conecta L'Ampolla con el pueblo vecino de L'Ametlla Da Mar al norte. El sendero (GR92) recorre unos 15 km a lo largo del mar, con sus rocas rojas y peque\u00f1as calas de arena y piedra. <\/p>\n\n\n\n<p>Caminando hacia el sur a lo largo de la costa, encontrar\u00e1s un paisaje completamente diferente. Despu\u00e9s de la larga playa de arena, algunas partes de la cual permanecen relativamente poco concurridas incluso en temporada alta, encontrar\u00e1s varios caminos que se adentran en los campos de arroz y en la llanura del Delta de l'Ebre. El Delta de l'Ebre es conocido por su gran n\u00famero de aves acu\u00e1ticas, incluidos los flamencos. <\/p>\n\n\n<div class=\"wp-block-image\">\n<figure class=\"aligncenter size-large\"><img loading=\"lazy\" decoding=\"async\" width=\"1024\" height=\"538\" src=\"https:\/\/bassa-mar.org\/wp-content\/uploads\/2023\/09\/pastel-sky-sea-1024x538.jpg\" alt=\"\" class=\"wp-image-2586\" srcset=\"https:\/\/bassa-mar.org\/wp-content\/uploads\/2023\/09\/pastel-sky-sea-1024x538.jpg 1024w, https:\/\/bassa-mar.org\/wp-content\/uploads\/2023\/09\/pastel-sky-sea-300x158.jpg 300w, https:\/\/bassa-mar.org\/wp-content\/uploads\/2023\/09\/pastel-sky-sea-768x403.jpg 768w, https:\/\/bassa-mar.org\/wp-content\/uploads\/2023\/09\/pastel-sky-sea-18x9.jpg 18w, https:\/\/bassa-mar.org\/wp-content\/uploads\/2023\/09\/pastel-sky-sea.jpg 1200w\" sizes=\"auto, (max-width: 1024px) 100vw, 1024px\" \/><\/figure>\n<\/div>\n\n\n<p><\/p>\n\n\n\n<p>Es posible <a href=\"https:\/\/www.kayakebre.com\">alquilar kayaks<\/a> en el Ebro, o hacer senderismo en las monta\u00f1as del <a href=\"https:\/\/www.catalunya.com\/els-ports-natural-park-17-17001-573555?language=en\">parque natural de Els Ports.<\/a>.&nbsp;<\/p>\n\n\n\n<p>La siguiente ciudad m\u00e1s grande es Tortosa, a la que se puede llegar en tren desde L'Ampolla. Tiene un peque\u00f1o casco antiguo y se encuentra directamente en el Ebro. Desde all\u00ed parte la <a href=\"https:\/\/www.tortosaturisme.cat\/es\/la-via-verde\/\">Via Verde<\/a>, una larga ruta ciclista, hacia el interior. Tambi\u00e9n hay otras rutas ciclistas cerca de La Bassa Mar.<\/p>\n\n\n\n<p>En la casa se ofrece informaci\u00f3n adicional sobre las actividades de los alrededores.<\/p>\n\n\n\n<h2 class=\"wp-block-heading\"><strong>Responsabilidad ambiental<\/strong><\/h2>\n\n\n\n<p>Debido al cambio clim\u00e1tico, nuestra regi\u00f3n se ve cada vez m\u00e1s afectada por sequ\u00edas severas en verano. Por lo tanto, es fundamental que todos en La Bassa ahorremos agua, tanto por responsabilidad ecol\u00f3gica como para garantizar el acceso sostenible al agua para los grupos durante todo el a\u00f1o. Animamos a todos a no ducharse todos los d\u00edas y a limitar la duraci\u00f3n de cada ducha. Tambi\u00e9n instalamos cubos en la ducha y la ba\u00f1era para recoger el agua que luego se puede usar para tirar de la cadena. Limitamos el n\u00famero de lavadoras y siempre lo coordinamos con todo el grupo. <\/p>\n\n\n\n<p>Compostamos la basura org\u00e1nica y limitamos los residuos de cocina al m\u00ednimo. <\/p>\n\n\n\n<p>Tambi\u00e9n estamos en el largo proceso de regeneraci\u00f3n del terreno mediante la remoci\u00f3n de tierra, la fertilizaci\u00f3n y la siembra de semillas de plantas nativas (desafortunadamente, ya estaba tratado con herbicidas y pesticidas antes de nuestra llegada). Recibimos con agrado a cualquier visitante con conocimientos de permacultura y revitalizaci\u00f3n de tierras que desee aportar sus conocimientos. <\/p>\n\n\n\n<p>Cada a\u00f1o, hacia octubre, organizamos una cosecha colectiva de aceitunas y producimos peque\u00f1as cantidades de aceite de oliva. Tambi\u00e9n cosechamos nuestros algarrobos.<\/p>\n\n\n\n<div class=\"wp-block-cover alignfull\" style=\"min-height:300px;aspect-ratio:unset;\"><span aria-hidden=\"true\" class=\"wp-block-cover__background has-nv-dark-bg-background-color has-background-dim-100 has-background-dim\"><\/span><div class=\"wp-block-cover__inner-container is-layout-flow wp-block-cover-is-layout-flow\">\n<h2 class=\"wp-block-heading has-text-align-center has-nv-text-dark-bg-color has-text-color\">Contacta con nosotres<\/h2>\n\n\n\n<p class=\"has-text-align-center\">Si est\u00e1s interesade en utilizar nuestro espacio o programar algo en colaboraci\u00f3n con nosotres, env\u00edanos un mensaje a <a href=\"mailto:info@bassa-mar.org\">info@bassa-mar.org<\/a> o llena el formulario en el siguiente link<\/p>\n\n\n\n<div class=\"wp-block-buttons is-horizontal is-content-justification-center is-layout-flex wp-container-core-buttons-is-layout-499968f5 wp-block-buttons-is-layout-flex\">\n<div class=\"wp-block-button is-style-primary\"><a class=\"wp-block-button__link has-neve-link-color-background-color has-background wp-element-button\" href=\"https:\/\/bassa-mar.org\/es\/contact\/\">CONTACTO<\/a><\/div>\n<\/div>\n<\/div><\/div>","protected":false},"excerpt":{"rendered":"<p>La Bassa Mar is situated within the Ebro lands region. The Ebro River, the longest in Catalunya\/Spain, is 13 km away. The village of L\u2019Ampolla lies directly along the sea. It is the last town before the large plain of the Ebro Delta, with its extensive rice fields and nature reserves. Next to the small&hellip;&nbsp;<a href=\"https:\/\/bassa-mar.org\/es\/surroundings\/\" rel=\"bookmark\">Leer m\u00e1s &raquo;<span class=\"screen-reader-text\">El Entorno<\/span><\/a><\/p>","protected":false},"author":1,"featured_media":0,"parent":0,"menu_order":0,"comment_status":"closed","ping_status":"closed","template":"","meta":{"neve_meta_sidebar":"","neve_meta_container":"","neve_meta_enable_content_width":"","neve_meta_content_width":0,"neve_meta_title_alignment":"","neve_meta_author_avatar":"","neve_post_elements_order":"","neve_meta_disable_header":"","neve_meta_disable_footer":"","neve_meta_disable_title":"","footnotes":""},"class_list":["post-100","page","type-page","status-publish","hentry"],"_links":{"self":[{"href":"https:\/\/bassa-mar.org\/es\/wp-json\/wp\/v2\/pages\/100","targetHints":{"allow":["GET"]}}],"collection":[{"href":"https:\/\/bassa-mar.org\/es\/wp-json\/wp\/v2\/pages"}],"about":[{"href":"https:\/\/bassa-mar.org\/es\/wp-json\/wp\/v2\/types\/page"}],"author":[{"embeddable":true,"href":"https:\/\/bassa-mar.org\/es\/wp-json\/wp\/v2\/users\/1"}],"replies":[{"embeddable":true,"href":"https:\/\/bassa-mar.org\/es\/wp-json\/wp\/v2\/comments?post=100"}],"version-history":[{"count":6,"href":"https:\/\/bassa-mar.org\/es\/wp-json\/wp\/v2\/pages\/100\/revisions"}],"predecessor-version":[{"id":2675,"href":"https:\/\/bassa-mar.org\/es\/wp-json\/wp\/v2\/pages\/100\/revisions\/2675"}],"wp:attachment":[{"href":"https:\/\/bassa-mar.org\/es\/wp-json\/wp\/v2\/media?parent=100"}],"curies":[{"name":"wp","href":"https:\/\/api.w.org\/{rel}","templated":true}]}}