{"id":167,"date":"2020-01-13T11:17:52","date_gmt":"2020-01-13T11:17:52","guid":{"rendered":"https:\/\/demosites.io\/web-agency-gb\/?page_id=5"},"modified":"2026-04-02T15:13:47","modified_gmt":"2026-04-02T15:13:47","slug":"welcome","status":"publish","type":"page","link":"https:\/\/bassa-mar.org\/es\/","title":{"rendered":"Bienvenides"},"content":{"rendered":"<div class=\"wp-block-cover alignfull is-light\" style=\"min-height:700px;aspect-ratio:unset;\"><img loading=\"lazy\" decoding=\"async\" width=\"1920\" height=\"1080\" class=\"wp-block-cover__image-background wp-image-2600\" alt=\"\" src=\"https:\/\/bassa-mar.org\/wp-content\/uploads\/2023\/10\/Sea-BG-1920x1080-1.jpg\" data-object-fit=\"cover\" srcset=\"https:\/\/bassa-mar.org\/wp-content\/uploads\/2023\/10\/Sea-BG-1920x1080-1.jpg 1920w, https:\/\/bassa-mar.org\/wp-content\/uploads\/2023\/10\/Sea-BG-1920x1080-1-300x169.jpg 300w, https:\/\/bassa-mar.org\/wp-content\/uploads\/2023\/10\/Sea-BG-1920x1080-1-1024x576.jpg 1024w, https:\/\/bassa-mar.org\/wp-content\/uploads\/2023\/10\/Sea-BG-1920x1080-1-768x432.jpg 768w, https:\/\/bassa-mar.org\/wp-content\/uploads\/2023\/10\/Sea-BG-1920x1080-1-1536x864.jpg 1536w, https:\/\/bassa-mar.org\/wp-content\/uploads\/2023\/10\/Sea-BG-1920x1080-1-18x10.jpg 18w\" sizes=\"auto, (max-width: 1920px) 100vw, 1920px\" \/><span aria-hidden=\"true\" class=\"wp-block-cover__background has-background-dim-0 has-background-dim\"><\/span><div class=\"wp-block-cover__inner-container is-layout-flow wp-block-cover-is-layout-flow\">\n<div style=\"height:80px\" aria-hidden=\"true\" class=\"wp-block-spacer\"><\/div>\n\n\n\n<figure class=\"wp-block-gallery aligncenter has-nested-images columns-default is-cropped wp-block-gallery-1 is-layout-flex wp-block-gallery-is-layout-flex\"><div class=\"wp-block-image is-style-default\">\n<figure class=\"aligncenter size-medium\"><img loading=\"lazy\" decoding=\"async\" width=\"300\" height=\"300\" data-id=\"2593\" src=\"https:\/\/bassa-mar.org\/wp-content\/uploads\/2023\/10\/Bassa-Mar-1080-300x300.png\" alt=\"\" class=\"wp-image-2593\" srcset=\"https:\/\/bassa-mar.org\/wp-content\/uploads\/2023\/10\/Bassa-Mar-1080-300x300.png 300w, https:\/\/bassa-mar.org\/wp-content\/uploads\/2023\/10\/Bassa-Mar-1080-1024x1024.png 1024w, https:\/\/bassa-mar.org\/wp-content\/uploads\/2023\/10\/Bassa-Mar-1080-150x150.png 150w, https:\/\/bassa-mar.org\/wp-content\/uploads\/2023\/10\/Bassa-Mar-1080-768x768.png 768w, https:\/\/bassa-mar.org\/wp-content\/uploads\/2023\/10\/Bassa-Mar-1080-12x12.png 12w, https:\/\/bassa-mar.org\/wp-content\/uploads\/2023\/10\/Bassa-Mar-1080.png 1080w\" sizes=\"auto, (max-width: 300px) 100vw, 300px\" \/><\/figure>\n<\/div><\/figure>\n\n\n\n<h1 class=\"wp-block-heading has-text-align-center has-text-color\" style=\"color:#121212\">La Bassa Mar<\/h1>\n\n\n\n<p class=\"has-text-align-center has-text-color\" style=\"color:#121212;font-size:17px\">Un espacio de seminarios y retiro para personas trans, inter, nobinaries, y queer, centrado en aquellas afectadas por el racismo, en Tarragona, Catalunya <\/p>\n\n\n\n<div class=\"wp-block-buttons is-horizontal is-content-justification-center is-layout-flex wp-container-core-buttons-is-layout-499968f5 wp-block-buttons-is-layout-flex\">\n<div class=\"wp-block-button is-style-primary\"><a class=\"wp-block-button__link has-nv-dark-bg-background-color has-background wp-element-button\" href=\"https:\/\/bassa-mar.org\/es\/about\/\">SABER M\u00c1S<\/a><\/div>\n\n\n\n<div class=\"wp-block-button is-style-secondary\"><a class=\"wp-block-button__link has-nv-dark-bg-color has-text-color wp-element-button\" href=\"https:\/\/bassa-mar.org\/es\/contact\/\">CONTACTO<\/a><\/div>\n<\/div>\n\n\n\n<div style=\"height:80px\" aria-hidden=\"true\" class=\"wp-block-spacer\"><\/div>\n\n\n\n<div style=\"height:80px\" aria-hidden=\"true\" class=\"wp-block-spacer\"><\/div>\n<\/div><\/div>\n\n\n\n<div style=\"height:100px\" aria-hidden=\"true\" class=\"wp-block-spacer\"><\/div>\n\n\n\n<div class=\"wp-block-columns is-layout-flex wp-container-core-columns-is-layout-9d6595d7 wp-block-columns-is-layout-flex\">\n<div class=\"wp-block-column is-layout-flow wp-block-column-is-layout-flow\"><div class=\"wp-block-image icon-style is-style-rounded\">\n<figure class=\"aligncenter size-full\"><img loading=\"lazy\" decoding=\"async\" width=\"600\" height=\"600\" src=\"https:\/\/bassa-mar.org\/wp-content\/uploads\/2024\/01\/Entorno-600.jpg\" alt=\"\" class=\"wp-image-2621\" srcset=\"https:\/\/bassa-mar.org\/wp-content\/uploads\/2024\/01\/Entorno-600.jpg 600w, https:\/\/bassa-mar.org\/wp-content\/uploads\/2024\/01\/Entorno-600-300x300.jpg 300w, https:\/\/bassa-mar.org\/wp-content\/uploads\/2024\/01\/Entorno-600-150x150.jpg 150w, https:\/\/bassa-mar.org\/wp-content\/uploads\/2024\/01\/Entorno-600-12x12.jpg 12w\" sizes=\"auto, (max-width: 600px) 100vw, 600px\" \/><\/figure>\n<\/div>\n\n\n<h3 class=\"wp-block-heading has-text-align-center has-neve-text-color-color has-text-color\">Casa y terreno<\/h3>\n\n\n\n<p class=\"has-text-align-center\">Alojamiento para hasta 25 personas y una variedad de espacios interiores y exteriores.<\/p>\n\n\n\n<div class=\"wp-block-buttons is-content-justification-center is-layout-flex wp-container-core-buttons-is-layout-16018d1d wp-block-buttons-is-layout-flex\">\n<div class=\"wp-block-button is-style-secondary\"><a class=\"wp-block-button__link has-nv-dark-bg-color has-text-color wp-element-button\" href=\"https:\/\/bassa-mar.org\/es\/house-and-land\/\">SABER M\u00c1S<\/a><\/div>\n<\/div>\n\n\n\n<div style=\"height:20px\" aria-hidden=\"true\" class=\"wp-block-spacer\"><\/div>\n<\/div>\n\n\n\n<div class=\"wp-block-column is-vertically-aligned-top is-layout-flow wp-block-column-is-layout-flow\">\n<figure class=\"wp-block-image size-full\"><img loading=\"lazy\" decoding=\"async\" width=\"962\" height=\"960\" src=\"https:\/\/bassa-mar.org\/wp-content\/uploads\/2026\/04\/3-1.png\" alt=\"\" class=\"wp-image-2712\" srcset=\"https:\/\/bassa-mar.org\/wp-content\/uploads\/2026\/04\/3-1.png 962w, https:\/\/bassa-mar.org\/wp-content\/uploads\/2026\/04\/3-1-300x300.png 300w, https:\/\/bassa-mar.org\/wp-content\/uploads\/2026\/04\/3-1-150x150.png 150w, https:\/\/bassa-mar.org\/wp-content\/uploads\/2026\/04\/3-1-768x766.png 768w, https:\/\/bassa-mar.org\/wp-content\/uploads\/2026\/04\/3-1-12x12.png 12w\" sizes=\"auto, (max-width: 962px) 100vw, 962px\" \/><\/figure>\n\n\n\n<h3 class=\"wp-block-heading has-text-align-center has-neve-text-color-color has-text-color\">El Entorno<\/h3>\n\n\n\n<p class=\"has-text-align-center\">Situado cerca del Delta de l\u2019Ebre, del Parque Natural dels Ports y de la ruta ciclista de la V\u00eda Verde.<\/p>\n\n\n\n<div class=\"wp-block-buttons is-content-justification-center is-layout-flex wp-container-core-buttons-is-layout-16018d1d wp-block-buttons-is-layout-flex\">\n<div class=\"wp-block-button is-style-secondary\"><a class=\"wp-block-button__link has-nv-dark-bg-color has-text-color wp-element-button\" href=\"https:\/\/bassa-mar.org\/es\/surroundings\/\">SABER M\u00c1S<\/a><\/div>\n<\/div>\n\n\n\n<div style=\"height:20px\" aria-hidden=\"true\" class=\"wp-block-spacer\"><\/div>\n<\/div>\n\n\n\n<div class=\"wp-block-column is-layout-flow wp-block-column-is-layout-flow\">\n<figure class=\"wp-block-image size-full\"><img loading=\"lazy\" decoding=\"async\" width=\"720\" height=\"720\" src=\"https:\/\/bassa-mar.org\/wp-content\/uploads\/2026\/03\/1-1.png\" alt=\"\" class=\"wp-image-2703\" srcset=\"https:\/\/bassa-mar.org\/wp-content\/uploads\/2026\/03\/1-1.png 720w, https:\/\/bassa-mar.org\/wp-content\/uploads\/2026\/03\/1-1-300x300.png 300w, https:\/\/bassa-mar.org\/wp-content\/uploads\/2026\/03\/1-1-150x150.png 150w, https:\/\/bassa-mar.org\/wp-content\/uploads\/2026\/03\/1-1-12x12.png 12w\" sizes=\"auto, (max-width: 720px) 100vw, 720px\" \/><\/figure>\n\n\n\n<h3 class=\"wp-block-heading has-text-align-center has-neve-text-color-color has-text-color\">Accesibilidad<\/h3>\n\n\n\n<p class=\"has-text-align-center\">Todo lo que necesitas saber sobre acceso, precios y comunicaci\u00f3n. <\/p>\n\n\n\n<div class=\"wp-block-buttons is-content-justification-center is-layout-flex wp-container-core-buttons-is-layout-16018d1d wp-block-buttons-is-layout-flex\">\n<div class=\"wp-block-button is-style-secondary\"><a class=\"wp-block-button__link has-nv-dark-bg-color has-text-color wp-element-button\" href=\"https:\/\/bassa-mar.org\/es\/accessibility\/\">SABER M\u00c1S<\/a><\/div>\n<\/div>\n\n\n\n<div style=\"height:20px\" aria-hidden=\"true\" class=\"wp-block-spacer\"><\/div>\n<\/div>\n<\/div>\n\n\n\n<div class=\"wp-block-columns is-layout-flex wp-container-core-columns-is-layout-9d6595d7 wp-block-columns-is-layout-flex\">\n<div class=\"wp-block-column is-layout-flow wp-block-column-is-layout-flow\">\n<figure class=\"wp-block-image size-full\"><img loading=\"lazy\" decoding=\"async\" width=\"911\" height=\"917\" src=\"https:\/\/bassa-mar.org\/wp-content\/uploads\/2026\/03\/2-1.png\" alt=\"\" class=\"wp-image-2707\" srcset=\"https:\/\/bassa-mar.org\/wp-content\/uploads\/2026\/03\/2-1.png 911w, https:\/\/bassa-mar.org\/wp-content\/uploads\/2026\/03\/2-1-298x300.png 298w, https:\/\/bassa-mar.org\/wp-content\/uploads\/2026\/03\/2-1-150x150.png 150w, https:\/\/bassa-mar.org\/wp-content\/uploads\/2026\/03\/2-1-768x773.png 768w, https:\/\/bassa-mar.org\/wp-content\/uploads\/2026\/03\/2-1-12x12.png 12w\" sizes=\"auto, (max-width: 911px) 100vw, 911px\" \/><\/figure>\n\n\n\n<h3 class=\"wp-block-heading has-text-align-center has-neve-text-color-color has-text-color\">Qu\u00e9 esperar<\/h3>\n\n\n\n<p class=\"has-text-align-center\">Ya sea que lo visites en grupo o individualmente esto es lo que puedes esperar. <\/p>\n\n\n\n<div class=\"wp-block-buttons is-content-justification-center is-layout-flex wp-container-core-buttons-is-layout-16018d1d wp-block-buttons-is-layout-flex\">\n<div class=\"wp-block-button is-style-secondary\"><a class=\"wp-block-button__link has-nv-dark-bg-color has-text-color wp-element-button\" href=\"https:\/\/bassa-mar.org\/es\/what-to-expect\/\">SABER M\u00c1S<\/a><\/div>\n<\/div>\n\n\n\n<div style=\"height:20px\" aria-hidden=\"true\" class=\"wp-block-spacer\"><\/div>\n<\/div>\n\n\n\n<div class=\"wp-block-column is-vertically-aligned-top is-layout-flow wp-block-column-is-layout-flow\"><div class=\"wp-block-image icon-style is-style-rounded\">\n<figure class=\"aligncenter size-full\"><img loading=\"lazy\" decoding=\"async\" width=\"600\" height=\"600\" src=\"https:\/\/bassa-mar.org\/wp-content\/uploads\/2024\/01\/Lugar-600.jpg\" alt=\"\" class=\"wp-image-2617\" srcset=\"https:\/\/bassa-mar.org\/wp-content\/uploads\/2024\/01\/Lugar-600.jpg 600w, https:\/\/bassa-mar.org\/wp-content\/uploads\/2024\/01\/Lugar-600-300x300.jpg 300w, https:\/\/bassa-mar.org\/wp-content\/uploads\/2024\/01\/Lugar-600-150x150.jpg 150w, https:\/\/bassa-mar.org\/wp-content\/uploads\/2024\/01\/Lugar-600-12x12.jpg 12w\" sizes=\"auto, (max-width: 600px) 100vw, 600px\" \/><\/figure>\n<\/div>\n\n\n<h3 class=\"wp-block-heading has-text-align-center has-neve-text-color-color has-text-color\">Lugar y contexto<\/h3>\n\n\n\n<p class=\"has-text-align-center\">Algunas cosas que hay que tener en cuenta sobre la ubicaci\u00f3n y el contexto de La Bassa Mar. <\/p>\n\n\n\n<div class=\"wp-block-buttons is-content-justification-center is-layout-flex wp-container-core-buttons-is-layout-16018d1d wp-block-buttons-is-layout-flex\">\n<div class=\"wp-block-button is-style-secondary\"><a class=\"wp-block-button__link has-nv-dark-bg-color has-text-color wp-element-button\" href=\"https:\/\/bassa-mar.org\/es\/place-and-context\/\">SABER M\u00c1S<\/a><\/div>\n<\/div>\n\n\n\n<div style=\"height:20px\" aria-hidden=\"true\" class=\"wp-block-spacer\"><\/div>\n<\/div>\n\n\n\n<div class=\"wp-block-column is-layout-flow wp-block-column-is-layout-flow\"><\/div>\n<\/div>\n\n\n\n<div class=\"wp-block-cover alignfull\" style=\"min-height:300px;aspect-ratio:unset;\"><span aria-hidden=\"true\" class=\"wp-block-cover__background has-nv-dark-bg-background-color has-background-dim-100 has-background-dim\"><\/span><div class=\"wp-block-cover__inner-container is-layout-flow wp-block-cover-is-layout-flow\">\n<h2 class=\"wp-block-heading has-text-align-center has-nv-text-dark-bg-color has-text-color\">Contacta con nosotres<\/h2>\n\n\n\n<p class=\"has-text-align-center\">Si est\u00e1s interesade en utilizar nuestro espacio o programar algo en colaboraci\u00f3n con nosotres, env\u00edanos un mensaje a <a href=\"mailto:info@bassa-mar.org\">info@bassa-mar.org<\/a> o llena el formulario en el siguiente link<\/p>\n\n\n\n<div class=\"wp-block-buttons is-horizontal is-content-justification-center is-layout-flex wp-container-core-buttons-is-layout-499968f5 wp-block-buttons-is-layout-flex\">\n<div class=\"wp-block-button is-style-primary\"><a class=\"wp-block-button__link has-neve-link-color-background-color has-background wp-element-button\" href=\"https:\/\/bassa-mar.org\/es\/contact\/\">CONTACTO<\/a><\/div>\n<\/div>\n<\/div><\/div>","protected":false},"excerpt":{"rendered":"<p>House &amp; Land Accommodation for up to 25 people and a variety of indoor and outdoor gathering spaces. The Surroundings Located near the Ebro River Delta, Ports Nature Reserve, and the Via Verde cycle route. Accessibility Everything you need to know about access, pricing, and communication. What to Expect Whether you are visiting as part&hellip;&nbsp;<a href=\"https:\/\/bassa-mar.org\/es\/\" rel=\"bookmark\">Leer m\u00e1s &raquo;<span class=\"screen-reader-text\">Bienvenides<\/span><\/a><\/p>","protected":false},"author":1,"featured_media":0,"parent":0,"menu_order":0,"comment_status":"closed","ping_status":"closed","template":"","meta":{"neve_meta_sidebar":"default","neve_meta_container":"default","neve_meta_enable_content_width":"on","neve_meta_content_width":100,"neve_meta_title_alignment":"","neve_meta_author_avatar":"","neve_post_elements_order":"","neve_meta_disable_header":"","neve_meta_disable_footer":"","neve_meta_disable_title":"on","footnotes":""},"class_list":["post-167","page","type-page","status-publish","hentry"],"_links":{"self":[{"href":"https:\/\/bassa-mar.org\/es\/wp-json\/wp\/v2\/pages\/167","targetHints":{"allow":["GET"]}}],"collection":[{"href":"https:\/\/bassa-mar.org\/es\/wp-json\/wp\/v2\/pages"}],"about":[{"href":"https:\/\/bassa-mar.org\/es\/wp-json\/wp\/v2\/types\/page"}],"author":[{"embeddable":true,"href":"https:\/\/bassa-mar.org\/es\/wp-json\/wp\/v2\/users\/1"}],"replies":[{"embeddable":true,"href":"https:\/\/bassa-mar.org\/es\/wp-json\/wp\/v2\/comments?post=167"}],"version-history":[{"count":13,"href":"https:\/\/bassa-mar.org\/es\/wp-json\/wp\/v2\/pages\/167\/revisions"}],"predecessor-version":[{"id":2713,"href":"https:\/\/bassa-mar.org\/es\/wp-json\/wp\/v2\/pages\/167\/revisions\/2713"}],"wp:attachment":[{"href":"https:\/\/bassa-mar.org\/es\/wp-json\/wp\/v2\/media?parent=167"}],"curies":[{"name":"wp","href":"https:\/\/api.w.org\/{rel}","templated":true}]}}