{"id":309,"date":"2020-01-23T18:21:52","date_gmt":"2020-01-23T18:21:52","guid":{"rendered":"https:\/\/demosites.io\/web-agency-gb\/?page_id=61"},"modified":"2026-03-29T16:22:40","modified_gmt":"2026-03-29T16:22:40","slug":"about","status":"publish","type":"page","link":"https:\/\/bassa-mar.org\/es\/about\/","title":{"rendered":"Informaci\u00f3n"},"content":{"rendered":"<div class=\"wp-block-cover alignfull\" style=\"min-height:600px;aspect-ratio:unset;\"><span aria-hidden=\"true\" class=\"wp-block-cover__background has-nv-light-bg-background-color has-background-dim-100 has-background-dim\"><\/span><div class=\"wp-block-cover__inner-container is-layout-flow wp-block-cover-is-layout-flow\">\n<div class=\"wp-block-columns is-layout-flex wp-container-core-columns-is-layout-9d6595d7 wp-block-columns-is-layout-flex\">\n<div class=\"wp-block-column is-layout-flow wp-block-column-is-layout-flow\"><\/div>\n\n\n\n<div class=\"wp-block-column is-layout-flow wp-block-column-is-layout-flow\">\n<p><\/p>\n\n\n\n<h2 class=\"wp-block-heading has-text-align-left has-neve-text-color-color has-text-color\">\u00bfQu\u00e9 es La Bassa Mar?<\/h2>\n<\/div>\n<\/div>\n\n\n\n<div class=\"wp-block-group\"><div class=\"wp-block-group__inner-container is-layout-flow wp-block-group-is-layout-flow\">\n<div class=\"wp-block-columns is-layout-flex wp-container-core-columns-is-layout-9d6595d7 wp-block-columns-is-layout-flex\">\n<div class=\"wp-block-column is-vertically-aligned-top is-layout-flow wp-block-column-is-layout-flow\" style=\"flex-basis:50%\">\n<figure class=\"wp-block-image size-full\"><img decoding=\"async\" src=\"https:\/\/bassa-mar.org\/wp-content\/uploads\/2022\/06\/pool-and-house-600.jpg\" alt=\"\" class=\"wp-image-408\"\/><\/figure>\n<\/div>\n\n\n\n<div class=\"wp-block-column is-vertically-aligned-center is-layout-flow wp-block-column-is-layout-flow\" style=\"flex-basis:50%\">\n<p class=\"has-neve-text-color-color has-text-color translation-block\">La Bassa Mar es un proyecto colectivo autoorganizado, creado para y por personas trans, inter, no binarias y queer, con enfoque en quienes se ven afectadas por el <strong>racismo<\/strong> <strong>y el patriarcado<\/strong>. Ofrecemos una casa que sirve como espacio de acogida para grupos y colectivos donde llevar a cabo sus actividades, hacer estrategia, conectar y descansar. Nuestro espacio se encuentra en L'Ampolla, Tarragona, a dos horas al sur de Barcelona, en Catalunya, Espa\u00f1a.<\/p>\n\n\n\n<p class=\"has-text-align-left has-neve-text-color-color has-text-color translation-block\">Las comunidades marginalizadas de las que formamos parte se ven a menudo privadas del acceso a recursos como tierra, espacio y tiempo para descansar, para sentirse respetadas y apoyadas en un entorno de apoyo mutuo, para intercambiar estrategias de supervivencia y organizaci\u00f3n pol\u00edtica. En nuestro contexto, como en muchos otros lugares, el acceso a zonas rurales para el descanso y la tranquilidad excluye sistem\u00e1ticamente a las personas racializadas y migrantes, que est\u00e1n presentes en las \u00e1reas rurales aqu\u00ed en Espa\u00f1a casi exclusivamente como trabajadoras agr\u00edcolas, en condiciones laborales frecuentemente terribles. Adem\u00e1s, el agotamiento activista, los problemas de salud mental y la precariedad material son luchas extendidas en nuestras redes y comunidades. Creemos que el acceso a la alimentaci\u00f3n, al descanso y a la desaceleraci\u00f3n es esencial para repensar, reordenar prioridades e imaginar nuevas formas de avanzar, tanto individual como, sobre todo, colectivamente, especialmente en el mundo de hoy. Sostenemos espacios para diversos colectivos y comunidades, con especial atenci\u00f3n a la juventud, ofreciendo oportunidades de organizaci\u00f3n a trav\u00e9s de la educaci\u00f3n colectiva y el intercambio entre iguales sobre diferentes tem\u00e1ticas. El proyecto La Bassa Mar ofrece un espacio de encuentro y retiro colectivo que responde a la necesidad vital de desacelerar, recargar energ\u00edas, conectar con el mar, la tierra y entre nosotras, mientras nos empoderamos mutuamente en la elaboraci\u00f3n de mejores estrategias para no solo sobrevivir, sino prosperar. Esta visi\u00f3n ha sido el motor de nuestro proyecto. Desde que abrimos nuestras puertas en 2022, hemos acogido a cientos de personas que han venido como parte de grupos o de manera individual, y hemos colaborado con una gran variedad de encuentros activistas, talleres y colectivos. A lo largo de los a\u00f1os, hemos trabajado con muchos grupos de base, incluyendo una colaboraci\u00f3n continuada con <a href=\"https:\/\/casa-kua.com\/\" target=\"_self\"><strong>Casa Ku\u00e0 <\/strong> <\/a>en Berl\u00edn (tambi\u00e9n organizada por personas Trans y no binarias BIPoC). Fortalecer redes de colaboraci\u00f3n mutua entre distintos grupos es central en nuestra misi\u00f3n, y siempre estamos abiertas a nuevos colectivos e individuos que deseen relacionarse con nuestro espacio.<\/p>\n\n\n\n<p class=\"has-text-align-left has-neve-text-color-color has-text-color\">El trabajo de La Bassa Mar se organiza en tres ejes principales: <\/p>\n\n\n\n<ul class=\"wp-block-list has-neve-text-color-color has-text-color\">\n<li>a nivel local, coordin\u00e1ndose con las entidades de la zona junto con el Espai Trans de las Terres de l\u2019Ebre (del que tambi\u00e9n formamos parte);<\/li>\n\n\n\n<li>a nivel regional, trabajando con grupos de ciudades cercanas y organizando actividades tanto en nuestro espacio como en otros;<\/li>\n\n\n\n<li>a nivel internacional, construyendo alianzas y tejiendo redes con otros grupos para compartir estrategias, conocimientos y experiencias.<\/li>\n<\/ul>\n\n\n\n<p class=\"has-neve-text-color-color has-text-color\">Nos enorgullecemos de nuestro crecimiento a lo largo de los a\u00f1os y de habernos convertido en un espacio de referencia para muchas personas y grupos, tanto a nivel local como internacional. Mantenemos nuestro compromiso con este camino de crecimiento colectivo y nuestras puertas siempre est\u00e1n abiertas.<\/p>\n<\/div>\n<\/div>\n<\/div><\/div>\n<\/div><\/div>\n\n\n\n<div class=\"wp-block-cover alignfull\" style=\"min-height:600px;aspect-ratio:unset;\"><span aria-hidden=\"true\" class=\"wp-block-cover__background has-nv-dark-bg-background-color has-background-dim-100 has-background-dim\"><\/span><div class=\"wp-block-cover__inner-container is-layout-flow wp-block-cover-is-layout-flow\">\n<div class=\"wp-block-group\"><div class=\"wp-block-group__inner-container is-layout-flow wp-block-group-is-layout-flow\">\n<div style=\"height:80px\" aria-hidden=\"true\" class=\"wp-block-spacer\"><\/div>\n\n\n\n<div class=\"wp-block-columns are-vertically-aligned-center is-layout-flex wp-container-core-columns-is-layout-9d6595d7 wp-block-columns-is-layout-flex\">\n<div class=\"wp-block-column is-vertically-aligned-center is-layout-flow wp-block-column-is-layout-flow\" style=\"flex-basis:50%\">\n<h2 class=\"wp-block-heading has-nv-text-dark-bg-color has-text-color\">Para qui\u00e9n es el espacio<\/h2>\n\n\n\n<p class=\"has-nv-text-dark-bg-color has-text-color\">Este proyecto est\u00e1 pensado (no exclusivamente) para personas trans*, inter y no binarias, centr\u00e1ndose en aquellas de nosotras afectadas por el racismo. Nos interesa especialmente alojar grupos y eventos dedicados a un amplio abanico de temas, entre los que se incluyen (sin estar limitados a): antirracismo y descolonizaci\u00f3n, abolici\u00f3n de las prisiones, transfeminismo, salud y bienestar, trabajo sexual, sexo y sexualidad, jardiner\u00eda sostenible y permacultura, programas dirigidos para j\u00f3venes, arte y educaci\u00f3n. Damos prioridad al hospedaje de colectivos y grupos, pero tambi\u00e9n estamos encantades de recibir a visitantes individuales para reponer fuerzas y conectar con otres.<\/p>\n\n\n\n<h2 class=\"wp-block-heading\">Team<\/h2>\n\n\n\n<p class=\"has-nv-site-bg-color has-text-color has-link-color wp-elements-3714f9e98030eb2014d1f8af9cbd8639\">Actualmente, cuatro personas del equipo principal viven en la obra: todos somos transmasculinos, tres personas de color y una persona blanca. Generalmente, hay al menos un amigo m\u00e1s de la red de La Bassa que se queda entre dos semanas y un mes para ayudar con las tareas del proyecto. Tambi\u00e9n estamos siempre abiertos a recibir a personas que quieran quedarse con nosotros un tiempo y contribuir con las tareas diarias, pero priorizamos a las personas con carnet de conducir. Cada dos meses, celebramos una reuni\u00f3n de coordinaci\u00f3n m\u00e1s amplia con el equipo y la red de La Bassa Mar para coordinar tareas como el calendario, la financiaci\u00f3n, las obras de archivo, el mantenimiento y las mejoras del terreno y la casa, y para seguir impulsando este proyecto colectivo, tanto a nivel local como internacional.<\/p>\n\n\n\n<p class=\"has-nv-site-bg-color has-text-color has-link-color wp-elements-4952287f61029bafbf5d2984aeed2fd7\">Hablamos castellano e ingl\u00e9s, pero tambi\u00e9n algunos hablan franc\u00e9s, italiano, catal\u00e1n y quechua. Bienvenidos: en cualquier \u00e9poca del a\u00f1o, siempre hay al menos una persona de contacto del equipo en el lugar, que les dar\u00e1 la bienvenida a ustedes y a su grupo, y responder\u00e1 a todas sus preguntas.<\/p>\n\n\n\n<p class=\"has-text-align-left has-nv-site-bg-color has-text-color has-link-color wp-elements-2fd9fceb83e4f3ddea1025634eb849c5\">Tambi\u00e9n queremos mencionar que en La Bassa Mar vivimos con dos perros grandes y muy simp\u00e1ticos llamados Guadalupe y Tete. Tienen su propio espacio, viven con el equipo principal, separado de la casa principal donde recibimos a las visitas, y no interact\u00faan constantemente con grupos (seg\u00fan las necesidades del grupo). Tambi\u00e9n tenemos dos gatos, Miou Miou y Miette, pero no viven en la casa.<\/p>\n\n\n\n<div style=\"height:20px\" aria-hidden=\"true\" class=\"wp-block-spacer\"><\/div>\n\n\n\n<h2 class=\"wp-block-heading\">\u00bfC\u00f3mo se sostiene La Bassa Mar?<\/h2>\n\n\n\n<p class=\"has-nv-site-bg-color has-text-color has-link-color wp-elements-72214f17b91dc13a650f326ff4b3d15b\">El modelo financiero de La Bassa Mar se basa en la solidaridad y la accesibilidad. Las contribuciones se adaptan a las posibilidades de cada grupo, y todos los ingresos se reinvierten en el mantenimiento del espacio y el apoyo a las actividades colectivas.<\/p>\n\n\n\n<p class=\"has-nv-site-bg-color has-text-color has-link-color wp-elements-6f8353e4597c723c24d9dbcb1113931b\">La Bassa Mar se mantiene gracias a una combinaci\u00f3n de donaciones de grupos que utilizan el espacio y de nuestra comunidad, subvenciones ocasionales de fundaciones (por ejemplo, Guerilla Foundation, Abundance, ILGA\u2026) e instituciones p\u00fablicas, como la Diputaci\u00f3n de Tarragona o los Programas de la UE.<\/p>\n\n\n\n<p class=\"has-nv-site-bg-color has-text-color has-link-color wp-elements-128bf41611b3440f1632ced839ee81fc\">La Bassa Mar funciona gracias al voluntariado y al trabajo colectivo. Nuestro objetivo es mantener el espacio accesible y, al mismo tiempo, garantizar la sostenibilidad del proyecto a largo plazo.<\/p>\n<\/div>\n\n\n\n<div class=\"wp-block-column is-vertically-aligned-center is-layout-flow wp-block-column-is-layout-flow\" style=\"flex-basis:50%\">\n<figure class=\"wp-block-image size-full\"><img decoding=\"async\" src=\"https:\/\/bassa-mar.org\/wp-content\/uploads\/2022\/06\/olive-600.jpg\" alt=\"\" class=\"wp-image-383\"\/><\/figure>\n<\/div>\n<\/div>\n\n\n\n<div style=\"height:40px\" aria-hidden=\"true\" class=\"wp-block-spacer\"><\/div>\n<\/div><\/div>\n<\/div><\/div>\n\n\n\n<div class=\"wp-block-cover alignfull\" style=\"min-height:600px;aspect-ratio:unset;\"><span aria-hidden=\"true\" class=\"wp-block-cover__background has-nv-light-bg-background-color has-background-dim-100 has-background-dim\"><\/span><div class=\"wp-block-cover__inner-container is-layout-flow wp-block-cover-is-layout-flow\">\n<div class=\"wp-block-group\"><div class=\"wp-block-group__inner-container is-layout-flow wp-block-group-is-layout-flow\">\n<div style=\"height:80px\" aria-hidden=\"true\" class=\"wp-block-spacer\"><\/div>\n\n\n\n<div class=\"wp-block-columns are-vertically-aligned-center is-layout-flex wp-container-core-columns-is-layout-9d6595d7 wp-block-columns-is-layout-flex\">\n<div class=\"wp-block-column is-vertically-aligned-center is-layout-flow wp-block-column-is-layout-flow\" style=\"flex-basis:50%\">\n<figure class=\"wp-block-image size-full\"><img decoding=\"async\" src=\"https:\/\/bassa-mar.org\/wp-content\/uploads\/2022\/06\/book-window-600.jpg\" alt=\"\" class=\"wp-image-407\"\/><\/figure>\n<\/div>\n\n\n\n<div class=\"wp-block-column is-vertically-aligned-center is-layout-flow wp-block-column-is-layout-flow\" style=\"flex-basis:50%\">\n<h2 class=\"wp-block-heading has-neve-text-color-color has-text-color\">Contacta con nosotres<\/h2>\n\n\n\n<p class=\"has-neve-text-color-color has-text-color\">Si est\u00e1s interesade en utilizar nuestro espacio o programar algo en colaboraci\u00f3n con nosotres, env\u00edanos un mensaje a info@bassa-mar.org o llena el formulario en el siguiente link <\/p>\n\n\n\n<p class=\"has-neve-text-color-color has-text-color\">Tambi\u00e9n nos alegra recibir comentarios y sugerencias de personas y grupos que hayan visitado La Bassa Mar. <\/p>\n\n\n\n<div class=\"wp-block-buttons is-layout-flex wp-block-buttons-is-layout-flex\">\n<div class=\"wp-block-button is-style-secondary\"><a class=\"wp-block-button__link wp-element-button\" href=\"https:\/\/bassa-mar.org\/es\/?page_id=75\">CONTACTO<\/a><\/div>\n<\/div>\n<\/div>\n<\/div>\n\n\n\n<div style=\"height:40px\" aria-hidden=\"true\" class=\"wp-block-spacer\"><\/div>\n<\/div><\/div>\n<\/div><\/div>\n\n\n\n<p><\/p>","protected":false},"excerpt":{"rendered":"","protected":false},"author":1,"featured_media":0,"parent":0,"menu_order":0,"comment_status":"closed","ping_status":"closed","template":"","meta":{"neve_meta_sidebar":"","neve_meta_container":"","neve_meta_enable_content_width":"on","neve_meta_content_width":100,"neve_meta_title_alignment":"","neve_meta_author_avatar":"","neve_post_elements_order":"","neve_meta_disable_header":"","neve_meta_disable_footer":"","neve_meta_disable_title":"on","footnotes":""},"class_list":["post-309","page","type-page","status-publish","hentry"],"_links":{"self":[{"href":"https:\/\/bassa-mar.org\/es\/wp-json\/wp\/v2\/pages\/309","targetHints":{"allow":["GET"]}}],"collection":[{"href":"https:\/\/bassa-mar.org\/es\/wp-json\/wp\/v2\/pages"}],"about":[{"href":"https:\/\/bassa-mar.org\/es\/wp-json\/wp\/v2\/types\/page"}],"author":[{"embeddable":true,"href":"https:\/\/bassa-mar.org\/es\/wp-json\/wp\/v2\/users\/1"}],"replies":[{"embeddable":true,"href":"https:\/\/bassa-mar.org\/es\/wp-json\/wp\/v2\/comments?post=309"}],"version-history":[{"count":18,"href":"https:\/\/bassa-mar.org\/es\/wp-json\/wp\/v2\/pages\/309\/revisions"}],"predecessor-version":[{"id":2709,"href":"https:\/\/bassa-mar.org\/es\/wp-json\/wp\/v2\/pages\/309\/revisions\/2709"}],"wp:attachment":[{"href":"https:\/\/bassa-mar.org\/es\/wp-json\/wp\/v2\/media?parent=309"}],"curies":[{"name":"wp","href":"https:\/\/api.w.org\/{rel}","templated":true}]}}