{"id":611,"date":"2022-07-11T10:05:26","date_gmt":"2022-07-11T10:05:26","guid":{"rendered":"https:\/\/bassa-mar.org\/?page_id=611"},"modified":"2025-11-28T14:14:05","modified_gmt":"2025-11-28T14:14:05","slug":"what-to-expect","status":"publish","type":"page","link":"https:\/\/bassa-mar.org\/es\/what-to-expect\/","title":{"rendered":"Qu\u00e9 esperar"},"content":{"rendered":"<figure class=\"wp-block-image alignfull size-large\"><img decoding=\"async\" src=\"https:\/\/bassa-mar.org\/wp-content\/uploads\/2022\/06\/pink-blossoms-1024x538.jpg\" alt=\"\" class=\"wp-image-362\"\/><\/figure>\n\n\n\n<p><\/p>\n\n\n\n<h2 class=\"wp-block-heading\">Visitas en grupo<\/h2>\n\n\n\n<p>Los grupos que se alojen en La Bassa Mar tendr\u00e1n acceso completo al espacio y al equipamiento. El espacio estar\u00e1 limpio y amueblado, pero todes les visitantes deber\u00e1n hacer sus propias compras, cocinar y limpiar. Si desean solicitar servicio de catering durante su estancia, h\u00e1ganoslo saber e intentaremos organizarlo.<\/p>\n\n\n\n<p>Dado que Bassa Mar es un espacio colectivo \"Lo-Hacemos-Juntes\" te pedimos que lo trates con el mismo cuidado y amor que nosotres, y que intentes dejarlo en las mismas condiciones (\u00a1o mejores!) en las que lo encontraste. Si no puedes limpiar despu\u00e9s de tu estancia, por favor av\u00edsanos con antelaci\u00f3n para que podamos hacer los arreglos pertinentes.<\/p>\n\n\n\n<h2 class=\"wp-block-heading\">Visitas individuales<\/h2>\n\n\n\n<p>Las personas que vienen a alojarse aqu\u00ed tambi\u00e9n deben ir a comprar, cocinar y limpiar como lo har\u00edan en una casa compartida. Aunque la casa es lo suficientemente grande como para permitirte pasar mucho tiempo a solas si lo deseas, es probable que haya otras personas o peque\u00f1os grupos alojados en La Bassa Mar al mismo tiempo.<\/p>\n\n\n\n<h2 class=\"wp-block-heading\"><strong>Atenci\u00f3n comunitaria<\/strong><\/h2>\n\n\n\n<p>Pedimos a todo el mundo que sea amable y respetuose con la otra gente y con el espacio. En caso de que aparezcan conflictos, podemos ofrecer una mediaci\u00f3n limitada, pero no podemos garantizar que las necesidades de todes puedan ser satisfechas por completo.<\/p>\n\n\n\n<p>Si bien este es un espacio de encuentro centrado en personas trans* y personas negras, no podemos garantizar la ausencia total de comportamientos da\u00f1inos. Nuestra intenci\u00f3n es fomentar una comunidad donde cada persona se cuide a s\u00ed misma y a los dem\u00e1s, reconociendo que el cuidado que podemos brindar tiene sus l\u00edmites. <\/p>\n\n\n\n<p>Tenga en cuenta que no hay asesoramiento, terapia ni equipo m\u00e9dico en el lugar (a menos que se haya acordado previamente) y no estamos equipados para brindar apoyo adecuado a personas en crisis o con afecciones agudas. <\/p>\n\n\n\n<p>Nos gustar\u00eda destacar que la casa est\u00e1 a 25-35 minutos a pie del centro del pueblo, por lo que puede haber barreras para acceder a la atenci\u00f3n urgente. Las personas en situaci\u00f3n de crisis o con afecciones agudas (mentales y\/o f\u00edsicas) deben planificar en consecuencia y llegar con el apoyo y los recursos necesarios para garantizar su bienestar. <\/p>\n\n\n\n<p>Aunque disponemos de mucho espacio, el sonido se propaga con bastante facilidad. Por respeto a nuestros vecinos y al entorno, no organizamos fiestas, conciertos ni ning\u00fan otro evento ruidoso. La Bassa Mar no es un espacio para personas sobrias, pero como recibimos a personas con diversas necesidades en este tema, todo lo relacionado con el consumo debe discutirse y acordarse por consenso con el grupo que comparte el espacio de la reuni\u00f3n en La Bassa.<\/p>\n\n\n\n<p><\/p>\n\n\n\n<div class=\"wp-block-cover\"><span aria-hidden=\"true\" class=\"wp-block-cover__background has-nv-dark-bg-background-color has-background-dim-100 has-background-dim\"><\/span><div class=\"wp-block-cover__inner-container is-layout-flow wp-block-cover-is-layout-flow\">\n<h1 class=\"wp-block-heading has-text-align-center has-large-font-size\">Contacta con nosotres<\/h1>\n\n\n\n<p class=\"has-text-align-center\">Si est\u00e1s interesade en utilizar nuestro espacio o programar algo en colaboraci\u00f3n con nosotres, env\u00edanos un mensaje a info@bassa-mar.org o llena el formulario en el siguiente link<\/p>\n\n\n\n<div class=\"wp-block-buttons is-content-justification-center is-layout-flex wp-container-core-buttons-is-layout-16018d1d wp-block-buttons-is-layout-flex\">\n<div class=\"wp-block-button is-style-primary\"><a class=\"wp-block-button__link wp-element-button\" href=\"https:\/\/bassa-mar.org\/es\/?page_id=75\">CONTACTO<\/a><\/div>\n<\/div>\n<\/div><\/div>","protected":false},"excerpt":{"rendered":"<p>Visiting as part of a group Groups staying at La Bassa Mar can expect, full access to the space and equipment. The space will be clean and furnished, but all visitors will be required to do their own shopping, cooking and cleaning. We can also offer you a catering service. Please let us know in&hellip;&nbsp;<a href=\"https:\/\/bassa-mar.org\/es\/what-to-expect\/\" rel=\"bookmark\">Leer m\u00e1s &raquo;<span class=\"screen-reader-text\">Qu\u00e9 esperar<\/span><\/a><\/p>","protected":false},"author":1,"featured_media":0,"parent":0,"menu_order":0,"comment_status":"closed","ping_status":"closed","template":"","meta":{"neve_meta_sidebar":"","neve_meta_container":"","neve_meta_enable_content_width":"off","neve_meta_content_width":100,"neve_meta_title_alignment":"","neve_meta_author_avatar":"","neve_post_elements_order":"","neve_meta_disable_header":"","neve_meta_disable_footer":"","neve_meta_disable_title":"","footnotes":""},"class_list":["post-611","page","type-page","status-publish","hentry"],"_links":{"self":[{"href":"https:\/\/bassa-mar.org\/es\/wp-json\/wp\/v2\/pages\/611","targetHints":{"allow":["GET"]}}],"collection":[{"href":"https:\/\/bassa-mar.org\/es\/wp-json\/wp\/v2\/pages"}],"about":[{"href":"https:\/\/bassa-mar.org\/es\/wp-json\/wp\/v2\/types\/page"}],"author":[{"embeddable":true,"href":"https:\/\/bassa-mar.org\/es\/wp-json\/wp\/v2\/users\/1"}],"replies":[{"embeddable":true,"href":"https:\/\/bassa-mar.org\/es\/wp-json\/wp\/v2\/comments?post=611"}],"version-history":[{"count":7,"href":"https:\/\/bassa-mar.org\/es\/wp-json\/wp\/v2\/pages\/611\/revisions"}],"predecessor-version":[{"id":2688,"href":"https:\/\/bassa-mar.org\/es\/wp-json\/wp\/v2\/pages\/611\/revisions\/2688"}],"wp:attachment":[{"href":"https:\/\/bassa-mar.org\/es\/wp-json\/wp\/v2\/media?parent=611"}],"curies":[{"name":"wp","href":"https:\/\/api.w.org\/{rel}","templated":true}]}}