{"id":615,"date":"2022-07-11T10:16:23","date_gmt":"2022-07-11T10:16:23","guid":{"rendered":"https:\/\/bassa-mar.org\/?page_id=615"},"modified":"2025-11-28T14:10:55","modified_gmt":"2025-11-28T14:10:55","slug":"place-and-context","status":"publish","type":"page","link":"https:\/\/bassa-mar.org\/es\/place-and-context\/","title":{"rendered":"Lugar y contexto"},"content":{"rendered":"<figure class=\"wp-block-image alignfull size-large\"><img decoding=\"async\" src=\"https:\/\/bassa-mar.org\/wp-content\/uploads\/2022\/06\/pastel-sky-sea-1024x538.jpg\" alt=\"\" class=\"wp-image-478\"\/><\/figure>\n\n\n\n<p><\/p>\n\n\n\n<p>Nos gustar\u00eda se\u00f1alar que, si bien nuestro espacio se centra en personas trans*, intersexuales, no binarias y queer de BIPoC, la aldea y sus alrededores son predominantemente blancos, cisg\u00e9nero y heterosexuales. Sin embargo, dado el terreno y el espacio al que tenemos acceso, esperamos crear nuestro propio entorno: uno que refleje nuestras necesidades y deseos, y ofrezca una sensaci\u00f3n de aislamiento del peso de la vida cotidiana. Tambi\u00e9n reconocemos que nos encontramos en una regi\u00f3n profundamente marcada por la historia colonial, donde la violencia contin\u00faa perpetu\u00e1ndose de diversas formas: epist\u00e9micamente, a trav\u00e9s de las condiciones laborales de quienes trabajan la tierra, la explotaci\u00f3n continua de personas y recursos del Sur Global, las m\u00faltiples expresiones de racismo institucional y el continuo derramamiento de sangre en el Mar Mediterr\u00e1neo. <\/p>\n\n\n\n<p>Ya que nuestro espacio se centra en BIPoC intentamos minimizar al m\u00e1ximo la apropiaci\u00f3n cultural (por ejemplo rastas, trenzas, bindies, etc...) Les pedimos que piensen y reflexionen sobre esto antes de venir. Tambi\u00e9n les animamos a preguntar, informarse investigando y escuchar a les dem\u00e1s.<\/p>\n\n\n\n<div class=\"wp-block-cover alignfull\" style=\"min-height:300px;aspect-ratio:unset;\"><span aria-hidden=\"true\" class=\"wp-block-cover__background has-nv-dark-bg-background-color has-background-dim-100 has-background-dim\"><\/span><div class=\"wp-block-cover__inner-container is-layout-flow wp-block-cover-is-layout-flow\">\n<h2 class=\"wp-block-heading has-text-align-center has-nv-text-dark-bg-color has-text-color\">Contacta con nosotres<\/h2>\n\n\n\n<p class=\"has-text-align-center\">Si est\u00e1s interesade en utilizar nuestro espacio o programar algo en colaboraci\u00f3n con nosotres, env\u00edanos un mensaje a <a href=\"mailto:info@bassa-mar.org\">info@bassa-mar.org<\/a> o llena el formulario en el siguiente link<\/p>\n\n\n\n<div class=\"wp-block-buttons is-horizontal is-content-justification-center is-layout-flex wp-container-core-buttons-is-layout-499968f5 wp-block-buttons-is-layout-flex\">\n<div class=\"wp-block-button is-style-primary\"><a class=\"wp-block-button__link has-neve-link-color-background-color has-background wp-element-button\" href=\"https:\/\/bassa-mar.org\/es\/contact\/\">CONTACTO<\/a><\/div>\n<\/div>\n<\/div><\/div>","protected":false},"excerpt":{"rendered":"<p>We would like to note that, although our space centers BIPoC trans* , intersex, non-binary, and queer people, the village and its surroundings are predominantly white, cis, and straight. However, given the land and space we have access to here, we hope to create our own environment: one that reflects our needs and wishes, and&hellip;&nbsp;<a href=\"https:\/\/bassa-mar.org\/es\/place-and-context\/\" rel=\"bookmark\">Leer m\u00e1s &raquo;<span class=\"screen-reader-text\">Lugar y contexto<\/span><\/a><\/p>","protected":false},"author":1,"featured_media":0,"parent":0,"menu_order":0,"comment_status":"closed","ping_status":"closed","template":"","meta":{"neve_meta_sidebar":"","neve_meta_container":"","neve_meta_enable_content_width":"","neve_meta_content_width":0,"neve_meta_title_alignment":"","neve_meta_author_avatar":"","neve_post_elements_order":"","neve_meta_disable_header":"","neve_meta_disable_footer":"","neve_meta_disable_title":"","footnotes":""},"class_list":["post-615","page","type-page","status-publish","hentry"],"_links":{"self":[{"href":"https:\/\/bassa-mar.org\/es\/wp-json\/wp\/v2\/pages\/615","targetHints":{"allow":["GET"]}}],"collection":[{"href":"https:\/\/bassa-mar.org\/es\/wp-json\/wp\/v2\/pages"}],"about":[{"href":"https:\/\/bassa-mar.org\/es\/wp-json\/wp\/v2\/types\/page"}],"author":[{"embeddable":true,"href":"https:\/\/bassa-mar.org\/es\/wp-json\/wp\/v2\/users\/1"}],"replies":[{"embeddable":true,"href":"https:\/\/bassa-mar.org\/es\/wp-json\/wp\/v2\/comments?post=615"}],"version-history":[{"count":5,"href":"https:\/\/bassa-mar.org\/es\/wp-json\/wp\/v2\/pages\/615\/revisions"}],"predecessor-version":[{"id":2681,"href":"https:\/\/bassa-mar.org\/es\/wp-json\/wp\/v2\/pages\/615\/revisions\/2681"}],"wp:attachment":[{"href":"https:\/\/bassa-mar.org\/es\/wp-json\/wp\/v2\/media?parent=615"}],"curies":[{"name":"wp","href":"https:\/\/api.w.org\/{rel}","templated":true}]}}