{"id":77,"date":"2022-04-13T03:44:11","date_gmt":"2022-04-13T03:44:11","guid":{"rendered":"https:\/\/bassa-mar.org\/?page_id=77"},"modified":"2025-11-28T13:48:09","modified_gmt":"2025-11-28T13:48:09","slug":"house-and-land","status":"publish","type":"page","link":"https:\/\/bassa-mar.org\/es\/house-and-land\/","title":{"rendered":"Casa y terreno"},"content":{"rendered":"<figure class=\"wp-block-image alignfull\"><img decoding=\"async\" src=\"https:\/\/bassa-mar.org\/wp-content\/uploads\/2022\/06\/pool-and-house-1024x538.jpg\" alt=\"\" class=\"wp-image-439\"\/><\/figure>\n\n\n\n<div class=\"wp-block-columns is-layout-flex wp-container-core-columns-is-layout-9d6595d7 wp-block-columns-is-layout-flex\">\n<div class=\"wp-block-column is-layout-flow wp-block-column-is-layout-flow\" style=\"flex-basis:100%\">\n<p><\/p>\n\n\n\n<h2 class=\"wp-block-heading\">La Casa<\/h2>\n\n\n\n<p>La casa cuenta con 5 habitaciones equipadas con una combinaci\u00f3n de camas dobles, simples y literas (con la posibilidad de acomodarlas seg\u00fan las necesidades), como con un espacio colectivo para dormir m\u00e1s grande. La casa puede alojar un total de hasta 25 personas dentro, y tambi\u00e9n ofrece afuera mucho espacio extra para acampar.<\/p>\n\n\n\n<p>Adem\u00e1s de nuestro luminoso comedor, disponemos de dos espaciosas salas de estar con numerosos sof\u00e1s, que pueden utilizarse como talleres o zonas de relax. Contamos con una biblioteca en constante crecimiento con libros y otras publicaciones en varios idiomas. Tambi\u00e9n disponemos de una cocina totalmente equipada (con frigor\u00edfico-congelador, horno, microondas y lavavajillas para minimizar el consumo de agua, adem\u00e1s de numerosos utensilios y electrodom\u00e9sticos). Disponemos de dos ba\u00f1os completos, uno en cada planta, ambos con duchas de agua caliente. Disponemos de una preciosa terraza cubierta con una gran mesa de comedor y un amplio espacio. Tambi\u00e9n disponemos de un amplio balc\u00f3n con vistas panor\u00e1micas al mar, al cielo estrellado y a nuestra tierra. Ambos se pueden utilizar durante todo el a\u00f1o.<\/p>\n\n\n<div class=\"wp-block-image\">\n<figure class=\"aligncenter size-large\"><img loading=\"lazy\" decoding=\"async\" width=\"1024\" height=\"538\" src=\"https:\/\/bassa-mar.org\/wp-content\/uploads\/2023\/09\/living-room-1024x538.jpg\" alt=\"\" class=\"wp-image-2577\" srcset=\"https:\/\/bassa-mar.org\/wp-content\/uploads\/2023\/09\/living-room-1024x538.jpg 1024w, https:\/\/bassa-mar.org\/wp-content\/uploads\/2023\/09\/living-room-300x158.jpg 300w, https:\/\/bassa-mar.org\/wp-content\/uploads\/2023\/09\/living-room-768x403.jpg 768w, https:\/\/bassa-mar.org\/wp-content\/uploads\/2023\/09\/living-room-18x9.jpg 18w, https:\/\/bassa-mar.org\/wp-content\/uploads\/2023\/09\/living-room.jpg 1200w\" sizes=\"auto, (max-width: 1024px) 100vw, 1024px\" \/><\/figure>\n<\/div>\n\n\n<p><\/p>\n\n\n\n<p>Adem\u00e1s, disponemos de otra zona acogedora junto a la casa: un antiguo garaje redise\u00f1ado como espacio de taller, con sof\u00e1s y mucho espacio que puede aprovecharse para facilitar actividades grupales en el interior, proyecciones de cine o como zona de descanso.<\/p>\n\n\n\n<p>Adem\u00e1s de nuestra casa, contamos con tres acogedoras caravanas que ofrecen un lugar m\u00e1s privado y tranquilo para que nuestros visitantes duerman. Cuando est\u00e1 disponible, la m\u00e1s grande tiene capacidad para cuatro personas, otra para tres y la m\u00e1s peque\u00f1a para dos. Tambi\u00e9n contamos con una gran tienda de campa\u00f1a con varios colchones y capacidad para cinco personas, y por \u00faltimo, una caba\u00f1a de barro con una cama doble.<\/p>\n\n\n\n<p>Con una generosa cantidad de terreno que rodea la casa, hay una gran cantidad de espacio que nos a\u00edsla de nuestres poques y amables vecines. Esto significa que los grupos que nos visitan pueden tener asegurado el acceso a espacio y privacidad.<\/p>\n<\/div>\n<\/div>\n\n\n<div class=\"wp-block-image\">\n<figure class=\"aligncenter size-large\"><img loading=\"lazy\" decoding=\"async\" width=\"1024\" height=\"538\" src=\"https:\/\/bassa-mar.org\/wp-content\/uploads\/2023\/09\/ground-floor-terrace-1024x538.jpg\" alt=\"\" class=\"wp-image-2579\" srcset=\"https:\/\/bassa-mar.org\/wp-content\/uploads\/2023\/09\/ground-floor-terrace-1024x538.jpg 1024w, https:\/\/bassa-mar.org\/wp-content\/uploads\/2023\/09\/ground-floor-terrace-300x158.jpg 300w, https:\/\/bassa-mar.org\/wp-content\/uploads\/2023\/09\/ground-floor-terrace-768x403.jpg 768w, https:\/\/bassa-mar.org\/wp-content\/uploads\/2023\/09\/ground-floor-terrace-18x9.jpg 18w, https:\/\/bassa-mar.org\/wp-content\/uploads\/2023\/09\/ground-floor-terrace.jpg 1200w\" sizes=\"auto, (max-width: 1024px) 100vw, 1024px\" \/><\/figure>\n<\/div>\n\n\n<div class=\"wp-block-columns is-layout-flex wp-container-core-columns-is-layout-9d6595d7 wp-block-columns-is-layout-flex\">\n<div class=\"wp-block-column is-layout-flow wp-block-column-is-layout-flow\" style=\"flex-basis:100%\">\n<p><\/p>\n\n\n\n<h2 class=\"wp-block-heading\"><strong>Th<\/strong>La Tierra<\/h2>\n\n\n\n<p>En los 18.000 metros cuadrados de terreno que lo rodean, encontrar\u00e1 olivos, algarrobos y almendros. Entre la vegetaci\u00f3n, encontrar\u00e1 numerosas posibilidades para sentarse y hacer ejercicio (a la sombra o al sol), tanto si desea compartir tiempo como si prefiere estar solo. Nuestro terreno tambi\u00e9n cuenta con numerosos bancos y mesas distribuidos por la casa y otras zonas. Tambi\u00e9n encontrar\u00e1 un peque\u00f1o pinar (un lugar ideal para colgar hamacas y montar tiendas de campa\u00f1a) y nuestro peque\u00f1o huerto sostenible en desarrollo. Tenga en cuenta que puede haber bastante viento en nuestra propiedad debido a nuestra privilegiada ubicaci\u00f3n cerca del mar y del Delta.<\/p>\n<\/div>\n<\/div>\n\n\n<div class=\"wp-block-image\">\n<figure class=\"aligncenter size-large\"><img loading=\"lazy\" decoding=\"async\" width=\"1024\" height=\"538\" src=\"https:\/\/bassa-mar.org\/wp-content\/uploads\/2023\/09\/olive-grove-1024x538.jpg\" alt=\"\" class=\"wp-image-2580\" srcset=\"https:\/\/bassa-mar.org\/wp-content\/uploads\/2023\/09\/olive-grove-1024x538.jpg 1024w, https:\/\/bassa-mar.org\/wp-content\/uploads\/2023\/09\/olive-grove-300x158.jpg 300w, https:\/\/bassa-mar.org\/wp-content\/uploads\/2023\/09\/olive-grove-768x403.jpg 768w, https:\/\/bassa-mar.org\/wp-content\/uploads\/2023\/09\/olive-grove-18x9.jpg 18w, https:\/\/bassa-mar.org\/wp-content\/uploads\/2023\/09\/olive-grove.jpg 1200w\" sizes=\"auto, (max-width: 1024px) 100vw, 1024px\" \/><\/figure>\n<\/div>\n\n\n<div class=\"wp-block-columns is-layout-flex wp-container-core-columns-is-layout-9d6595d7 wp-block-columns-is-layout-flex\">\n<div class=\"wp-block-column is-layout-flow wp-block-column-is-layout-flow\" style=\"flex-basis:100%\">\n<p><\/p>\n\n\n\n<h2 class=\"wp-block-heading\"><strong><strong>Piscina<\/strong> y <strong>mar<\/strong><\/strong><\/h2>\n\n\n\n<p>Tenemos un estanque que usamos como piscina frente a la casa. Se llena con agua de pozo, que luego se reutiliza para regar las plantas de los alrededores.<\/p>\n\n\n\n<p>Tambi\u00e9n puedes llegar a la playa m\u00e1s cercana a pie en 20-30 minutos. A lo largo de la costa, encontrar\u00e1s muchos paisajes diferentes, desde peque\u00f1as y solitarias bah\u00edas y costas rocosas hasta largas playas de arena y guijarros.&nbsp;<\/p>\n<\/div>\n<\/div>\n\n\n<div class=\"wp-block-image\">\n<figure class=\"aligncenter size-large\"><img loading=\"lazy\" decoding=\"async\" width=\"1024\" height=\"538\" src=\"https:\/\/bassa-mar.org\/wp-content\/uploads\/2023\/09\/cliffs-1024x538.jpg\" alt=\"\" class=\"wp-image-2581\" srcset=\"https:\/\/bassa-mar.org\/wp-content\/uploads\/2023\/09\/cliffs-1024x538.jpg 1024w, https:\/\/bassa-mar.org\/wp-content\/uploads\/2023\/09\/cliffs-300x158.jpg 300w, https:\/\/bassa-mar.org\/wp-content\/uploads\/2023\/09\/cliffs-768x403.jpg 768w, https:\/\/bassa-mar.org\/wp-content\/uploads\/2023\/09\/cliffs-18x9.jpg 18w, https:\/\/bassa-mar.org\/wp-content\/uploads\/2023\/09\/cliffs.jpg 1200w\" sizes=\"auto, (max-width: 1024px) 100vw, 1024px\" \/><\/figure>\n<\/div>\n\n\n<div class=\"wp-block-columns is-layout-flex wp-container-core-columns-is-layout-9d6595d7 wp-block-columns-is-layout-flex\">\n<div class=\"wp-block-column is-layout-flow wp-block-column-is-layout-flow\" style=\"flex-basis:100%\">\n<p><\/p>\n\n\n\n<h2 class=\"wp-block-heading\"><strong><strong>Ruido<\/strong><\/strong><\/h2>\n\n\n\n<p>&nbsp;Aunque tenemos mucho espacio, el sonido se transmite con bastante facilidad. Por eso, por respeto a nuestres vecines y al entorno que nos rodea, no organizamos fiestas, conciertos ni otros eventos ruidosos.<\/p>\n\n\n\n<p>Debido a la circulaci\u00f3n del viento muchas veces es posible o\u00edr el tr\u00e1fico de la autopista cerca de La Bassa Mar. Adem\u00e1s, dependiendo de la \u00e9poca del a\u00f1o, se oyen tiros. Desgraciadamente en Catalunya no esta prohibido cazar animales en algunos periodos del a\u00f1o.<\/p>\n\n\n\n<h2 class=\"wp-block-heading\"><strong>Compras<\/strong><\/h2>\n\n\n\n<p>Se ruega a los hu\u00e9spedes que organicen sus propias compras. Hay un supermercado a media hora a pie (10 minutos en bicicleta), as\u00ed como varios mercados semanales en los pueblos de los alrededores con verduras de la regi\u00f3n, y una granja ecol\u00f3gica con venta directa a unos 10 km. Tambi\u00e9n pueden organizar un viaje en coche para comprar alimentos si lo necesitan.<\/p>\n\n\n\n<h2 class=\"wp-block-heading\">Privacidad para grupos espec\u00edficos<\/h2>\n\n\n\n<p>Si organizas una reuni\u00f3n para un grupo espec\u00edfico de personas, como trabajadoras sexuales, personas negras, transfemeninas o cualquier otro grupo que necesite un retiro privado, nuestro espacio est\u00e1 dividido para garantizarlo. El equipo principal que vive en el lugar tiene su propio espacio habitable en caravanas y la casa se puede reservar en exclusiva para un grupo por un periodo de tiempo (generalmente una semana).<\/p>\n\n\n\n<h2 class=\"wp-block-heading\"><strong>Persona de contacto<\/strong><\/h2>\n\n\n\n<p>Si tienes alguna pregunta siempre hay una persona de contacto en el lugar que vive en parte del terreno. Igualmente el espacio est\u00e1 dividido de tal manera que podemos acomodar diferentes necesidades de privacidad (incluso para grupos exclusivos, como grupos de \u00fanicamente personas negras; personas fems; personas trans*; o  personas trabajadoras del sexo).&nbsp;<\/p>\n<\/div>\n<\/div>\n\n\n<div class=\"wp-block-image\">\n<figure class=\"aligncenter size-large\"><img loading=\"lazy\" decoding=\"async\" width=\"1024\" height=\"538\" src=\"https:\/\/bassa-mar.org\/wp-content\/uploads\/2023\/09\/garden1-1024x538.jpg\" alt=\"\" class=\"wp-image-2582\" srcset=\"https:\/\/bassa-mar.org\/wp-content\/uploads\/2023\/09\/garden1-1024x538.jpg 1024w, https:\/\/bassa-mar.org\/wp-content\/uploads\/2023\/09\/garden1-300x158.jpg 300w, https:\/\/bassa-mar.org\/wp-content\/uploads\/2023\/09\/garden1-768x403.jpg 768w, https:\/\/bassa-mar.org\/wp-content\/uploads\/2023\/09\/garden1-18x9.jpg 18w, https:\/\/bassa-mar.org\/wp-content\/uploads\/2023\/09\/garden1.jpg 1200w\" sizes=\"auto, (max-width: 1024px) 100vw, 1024px\" \/><\/figure>\n<\/div>\n\n\n<p><\/p>\n\n\n\n<h2 class=\"wp-block-heading\"><strong>Transporte<\/strong><\/h2>\n\n\n\n<p>La estaci\u00f3n de tren est\u00e1 a una media hora a pie. Se puede llegar a Barcelona-Sants en dos horas con los trenes regionales que circulan regularmente durante todo el d\u00eda (cada dos horas). Esto tambi\u00e9n hace posible una excursi\u00f3n de un d\u00eda a Barcelona. Hay conexiones desde Barcelona-Sants hasta el aeropuerto. Los billetes se pueden comprar en la estaci\u00f3n o en el aeropuerto hasta la estaci\u00f3n de L'Ampolla-El Perell\u00f3-Deltebre por unos 13 euros por trayecto; no se pueden comprar por Internet. <\/p>\n\n\n\n<p>Ten en cuenta que los \u00faltimos trenes suelen salir sobre las 21:00 horas de la estaci\u00f3n de Barcelona-Sants y las 20:00 horas de la estaci\u00f3n de L'Ampolla-El Perell\u00f3-Deltebre. Los primeros trenes suelen salir alrededor de las 6:00 desde las estaciones de L'Ampolla-El Perell\u00f3-Deltebre y Barcelona-Sants.<\/p>\n\n\n\n<p> Si llegas o te vas en avi\u00f3n, prev\u00e9 tiempo suficiente para ir del aeropuerto a Barcelona-Sants, y viceversa. Consulta en <a href=\"https:\/\/www.renfe.com\/es\/es\" data-type=\"link\" data-id=\"https:\/\/www.renfe.com\/es\/es\">renfe.com<\/a> or <a href=\"https:\/\/rodalies.gencat.cat\/ca\/inici\" data-type=\"link\" data-id=\"https:\/\/rodalies.gencat.cat\/ca\/inici\">rodalies.gencat.cat<\/a> las conexiones de tren exactas.<\/p>\n\n\n<div class=\"wp-block-image\">\n<figure class=\"aligncenter size-large\"><img loading=\"lazy\" decoding=\"async\" width=\"1024\" height=\"538\" src=\"https:\/\/bassa-mar.org\/wp-content\/uploads\/2023\/09\/pink-blossoms-1024x538.jpg\" alt=\"\" class=\"wp-image-2583\" srcset=\"https:\/\/bassa-mar.org\/wp-content\/uploads\/2023\/09\/pink-blossoms-1024x538.jpg 1024w, https:\/\/bassa-mar.org\/wp-content\/uploads\/2023\/09\/pink-blossoms-300x158.jpg 300w, https:\/\/bassa-mar.org\/wp-content\/uploads\/2023\/09\/pink-blossoms-768x403.jpg 768w, https:\/\/bassa-mar.org\/wp-content\/uploads\/2023\/09\/pink-blossoms-18x9.jpg 18w, https:\/\/bassa-mar.org\/wp-content\/uploads\/2023\/09\/pink-blossoms.jpg 1200w\" sizes=\"auto, (max-width: 1024px) 100vw, 1024px\" \/><\/figure>\n<\/div>\n\n\n<p><\/p>\n\n\n\n<h2 class=\"wp-block-heading\"><strong>Aparcamiento<\/strong><\/h2>\n\n\n\n<p>Hay mucho espacio para aparcar al aire libre, incluso para veh\u00edculos grandes.&nbsp;<\/p>\n\n\n\n<h2 class=\"wp-block-heading\">Compa\u00f1eros no humanos<\/h2>\n\n\n\n<p>Si planea traer animales, por favor, consulte primero con su grupo y con nosotros. Generalmente, nos resulta muy dif\u00edcil alojar a acompa\u00f1antes no humanos, ya que ya tenemos dos perros y dos gatos en el establecimiento. Tenga en cuenta que no hay vallas alrededor de la propiedad y que conejos, perros y gatos a veces se aventuran por los espacios exteriores de La Bassa Mar.<\/p>\n\n\n\n<div class=\"wp-block-cover alignfull\" style=\"min-height:300px;aspect-ratio:unset;\"><span aria-hidden=\"true\" class=\"wp-block-cover__background has-nv-dark-bg-background-color has-background-dim-100 has-background-dim\"><\/span><div class=\"wp-block-cover__inner-container is-layout-flow wp-block-cover-is-layout-flow\">\n<h2 class=\"wp-block-heading has-text-align-center has-nv-text-dark-bg-color has-text-color\">Contacta con nosotres<\/h2>\n\n\n\n<p class=\"has-text-align-center\">Si est\u00e1s interesade en utilizar nuestro espacio o programar algo en colaboraci\u00f3n con nosotres, env\u00edanos un mensaje a <a href=\"mailto:info@bassa-mar.org\">info@bassa-mar.org<\/a> o llena el formulario en el siguiente link<\/p>\n\n\n\n<div class=\"wp-block-buttons is-horizontal is-content-justification-center is-layout-flex wp-container-core-buttons-is-layout-499968f5 wp-block-buttons-is-layout-flex\">\n<div class=\"wp-block-button is-style-primary\"><a class=\"wp-block-button__link has-neve-link-color-background-color has-background wp-element-button\" href=\"https:\/\/bassa-mar.org\/es\/contact\/\">CONTACTO<\/a><\/div>\n<\/div>\n<\/div><\/div>","protected":false},"excerpt":{"rendered":"<p>The House The house consists of five rooms, equipped with a combination of double beds, bunk beds, and single beds (arrangeable according to needs), as well as a larger open shared sleeping space on our second floor. The house can accommodate up to 25 people inside and also offers plenty of additional outdoor space for&hellip;&nbsp;<a href=\"https:\/\/bassa-mar.org\/es\/house-and-land\/\" rel=\"bookmark\">Leer m\u00e1s &raquo;<span class=\"screen-reader-text\">Casa y terreno<\/span><\/a><\/p>","protected":false},"author":1,"featured_media":0,"parent":0,"menu_order":0,"comment_status":"closed","ping_status":"closed","template":"","meta":{"neve_meta_sidebar":"","neve_meta_container":"","neve_meta_enable_content_width":"","neve_meta_content_width":0,"neve_meta_title_alignment":"","neve_meta_author_avatar":"","neve_post_elements_order":"","neve_meta_disable_header":"","neve_meta_disable_footer":"","neve_meta_disable_title":"","footnotes":""},"class_list":["post-77","page","type-page","status-publish","hentry"],"_links":{"self":[{"href":"https:\/\/bassa-mar.org\/es\/wp-json\/wp\/v2\/pages\/77","targetHints":{"allow":["GET"]}}],"collection":[{"href":"https:\/\/bassa-mar.org\/es\/wp-json\/wp\/v2\/pages"}],"about":[{"href":"https:\/\/bassa-mar.org\/es\/wp-json\/wp\/v2\/types\/page"}],"author":[{"embeddable":true,"href":"https:\/\/bassa-mar.org\/es\/wp-json\/wp\/v2\/users\/1"}],"replies":[{"embeddable":true,"href":"https:\/\/bassa-mar.org\/es\/wp-json\/wp\/v2\/comments?post=77"}],"version-history":[{"count":11,"href":"https:\/\/bassa-mar.org\/es\/wp-json\/wp\/v2\/pages\/77\/revisions"}],"predecessor-version":[{"id":2671,"href":"https:\/\/bassa-mar.org\/es\/wp-json\/wp\/v2\/pages\/77\/revisions\/2671"}],"wp:attachment":[{"href":"https:\/\/bassa-mar.org\/es\/wp-json\/wp\/v2\/media?parent=77"}],"curies":[{"name":"wp","href":"https:\/\/api.w.org\/{rel}","templated":true}]}}