{"id":97,"date":"2022-04-13T04:27:08","date_gmt":"2022-04-13T04:27:08","guid":{"rendered":"https:\/\/bassa-mar.org\/?page_id=97"},"modified":"2025-11-28T14:13:25","modified_gmt":"2025-11-28T14:13:25","slug":"accessibility","status":"publish","type":"page","link":"https:\/\/bassa-mar.org\/es\/accessibility\/","title":{"rendered":"Accesibilidad"},"content":{"rendered":"<figure class=\"wp-block-image alignfull size-large\"><img decoding=\"async\" src=\"https:\/\/bassa-mar.org\/wp-content\/uploads\/2022\/06\/olive-grove-1024x538.jpg\" alt=\"\" class=\"wp-image-443\"\/><\/figure>\n\n\n\n<p><\/p>\n\n\n\n<p>Con el fin de hacer que La Bassa Mar sea sostenible y econ\u00f3micamente accesible para aquelles que m\u00e1s lo necesitan, ofrecemos nuestro espacio en base a diferentes escalas m\u00f3viles, dependiendo del tama\u00f1o del grupo, tu posici\u00f3n social (cis, trans*, racializade, blanque\u2026) e ingresos.<\/p>\n\n\n\n<p>Nos gustar\u00eda cubrir los gastos de viaje y alojamiento de quienes no pueden costearlos, pero lamentablemente a\u00fan no es posible. Nuestro proyecto a\u00fan tiene dificultades econ\u00f3micas, pero esperamos y estamos trabajando para poder hacerlo en el futuro. No obstante, no se rechazar\u00e1 a nadie por falta de fondos.<\/p>\n\n\n\n<p>Tenemos varios juguetes antiestr\u00e9s disponibles en la casa.<br>El espacio del antiguo garaje as\u00ed como otras zonas pueden destinarse a zonas tranquilas.<br>Nuestra planta baja as\u00ed como los espacios exteriores son accesibles para sillas de ruedas.<\/p>\n\n\n\n<p>Actualmente:<\/p>\n\n\n\n<ul class=\"wp-block-list\">\n<li>Gran parte del terreno circundante est\u00e1 cubierto de guijarros y peque\u00f1as rocas.<\/li>\n\n\n\n<li>Hay dos peque\u00f1os escalones (15 cm) para llegar a la terraza. Desde all\u00ed, hay un escal\u00f3n de 20 cm para llegar a la cocina y otro de 8 cm para llegar al sal\u00f3n.<\/li>\n\n\n\n<li>Hay un escal\u00f3n de 11 cm desde la sala de estar hasta el comedor, y un escal\u00f3n de 20 cm desde el comedor hasta el ba\u00f1o y los dormitorios de la planta baja.<\/li>\n\n\n\n<li>Disponemos de rampas port\u00e1tiles para todos ellos.<\/li>\n\n\n\n<li>La escalera al segundo piso tiene 15 escalones de 20 cm cada uno.<\/li>\n<\/ul>\n\n\n\n<p>Ocasionalmente, en los meses m\u00e1s calurosos, puede haber olas de olor de la planta de tratamiento de aguas residuales cercana.&nbsp;<\/p>\n\n\n\n<p>Debido a la circulaci\u00f3n del viento muchas veces es posible o\u00edr el tr\u00e1fico de la autopista cerca de La Bassa Mar. Adem\u00e1s, dependiendo de la \u00e9poca del a\u00f1o, se oyen tiros. Desgraciadamente en Catalunya no esta prohibido cazar animales en algunos periodos del a\u00f1o.<\/p>\n\n\n\n<p>Hay acceso wifi en la mayor parte de la casa, pero no es el m\u00e1s potente. Sin embargo, la recepci\u00f3n de datos y tel\u00e9fonos m\u00f3viles en la zona es bastante fuerte. Sugerimos que las personas que necesiten una conexi\u00f3n fiable a Internet planifiquen en consecuencia con sus propios dispositivos y planes de datos.&nbsp;<\/p>\n\n\n\n<p>Toda la informaci\u00f3n sobre La Bassa Mar y sus alrededores est\u00e1 disponible en \u00e1rabe, ingl\u00e9s, catal\u00e1n, franc\u00e9s, alem\u00e1n y castellano. Si necesitas informaci\u00f3n o comunicarte con nosotres en otros idiomas, h\u00e1znoslo saber.&nbsp;<\/p>\n\n\n\n<p>Nos adaptamos continuamente para hacer de La Bassa Mar un espacio m\u00e1s accesible para personas con necesidades diversas.<\/p>\n\n\n\n<div class=\"wp-block-cover alignfull\" style=\"min-height:300px;aspect-ratio:unset;\"><span aria-hidden=\"true\" class=\"wp-block-cover__background has-nv-dark-bg-background-color has-background-dim-100 has-background-dim\"><\/span><div class=\"wp-block-cover__inner-container is-layout-flow wp-block-cover-is-layout-flow\">\n<h2 class=\"wp-block-heading has-text-align-center has-nv-text-dark-bg-color has-text-color\">Contacta con nosotres<\/h2>\n\n\n\n<p class=\"has-text-align-center\">Si est\u00e1s interesade en utilizar nuestro espacio o programar algo en colaboraci\u00f3n con nosotres, env\u00edanos un mensaje a <a href=\"mailto:info@bassa-mar.org\">info@bassa-mar.org<\/a> o llena el formulario en el siguiente link<\/p>\n\n\n\n<div class=\"wp-block-buttons is-horizontal is-content-justification-center is-layout-flex wp-container-core-buttons-is-layout-499968f5 wp-block-buttons-is-layout-flex\">\n<div class=\"wp-block-button is-style-primary\"><a class=\"wp-block-button__link has-neve-link-color-background-color has-background wp-element-button\" href=\"https:\/\/bassa-mar.org\/es\/contact\/\">CONTACTO<\/a><\/div>\n<\/div>\n<\/div><\/div>","protected":false},"excerpt":{"rendered":"<p>In order to make La Bassa Mar sustainable and economically accessible to those who need it most, we offer our space on a basis of different sliding scales, depending on the size of your group, your positionalities, and income. We would like to be able to cover travel &amp; accommodation for those who can\u2019t afford&hellip;&nbsp;<a href=\"https:\/\/bassa-mar.org\/es\/accessibility\/\" rel=\"bookmark\">Leer m\u00e1s &raquo;<span class=\"screen-reader-text\">Accesibilidad<\/span><\/a><\/p>","protected":false},"author":1,"featured_media":0,"parent":0,"menu_order":0,"comment_status":"closed","ping_status":"closed","template":"","meta":{"neve_meta_sidebar":"","neve_meta_container":"","neve_meta_enable_content_width":"","neve_meta_content_width":0,"neve_meta_title_alignment":"","neve_meta_author_avatar":"","neve_post_elements_order":"","neve_meta_disable_header":"","neve_meta_disable_footer":"","neve_meta_disable_title":"","footnotes":""},"class_list":["post-97","page","type-page","status-publish","hentry"],"_links":{"self":[{"href":"https:\/\/bassa-mar.org\/es\/wp-json\/wp\/v2\/pages\/97","targetHints":{"allow":["GET"]}}],"collection":[{"href":"https:\/\/bassa-mar.org\/es\/wp-json\/wp\/v2\/pages"}],"about":[{"href":"https:\/\/bassa-mar.org\/es\/wp-json\/wp\/v2\/types\/page"}],"author":[{"embeddable":true,"href":"https:\/\/bassa-mar.org\/es\/wp-json\/wp\/v2\/users\/1"}],"replies":[{"embeddable":true,"href":"https:\/\/bassa-mar.org\/es\/wp-json\/wp\/v2\/comments?post=97"}],"version-history":[{"count":7,"href":"https:\/\/bassa-mar.org\/es\/wp-json\/wp\/v2\/pages\/97\/revisions"}],"predecessor-version":[{"id":2685,"href":"https:\/\/bassa-mar.org\/es\/wp-json\/wp\/v2\/pages\/97\/revisions\/2685"}],"wp:attachment":[{"href":"https:\/\/bassa-mar.org\/es\/wp-json\/wp\/v2\/media?parent=97"}],"curies":[{"name":"wp","href":"https:\/\/api.w.org\/{rel}","templated":true}]}}